{"id":23,"date":"2022-01-10T21:39:31","date_gmt":"2022-01-10T21:39:31","guid":{"rendered":"https:\/\/autotraction.ca\/?page_id=23"},"modified":"2025-02-06T03:02:35","modified_gmt":"2025-02-06T03:02:35","slug":"accueil","status":"publish","type":"page","link":"https:\/\/autotraction.ca\/en\/","title":{"rendered":"Home"},"content":{"rendered":"<p>Array%4391736391992585%%7211736651091757%%6681738810947367%<\/p>","protected":false},"excerpt":{"rendered":"<p>Array%4391736391992585%%7211736651091757%%6681738810947367%<\/p>","protected":false},"author":4,"featured_media":0,"parent":0,"menu_order":0,"comment_status":"closed","ping_status":"closed","template":"","meta":{"_acf_changed":false,"footnotes":""},"class_list":["post-23","page","type-page","status-publish","hentry"],"acf":[],"yoast_head":"<!-- This site is optimized with the Yoast SEO plugin v24.7 - https:\/\/yoast.com\/wordpress\/plugins\/seo\/ -->\n<title>Autotraction - Solution de carrosserie<\/title>\n<meta name=\"description\" content=\"Auto Traction est distributeur de tous les \u00e9quipements des manufacturiers ci-dessous. Nous vous invitons \u00e0 parcourir notre site web et de communiquer avec nous pour toute question relative \u00e0 nos \u00e9quipements.\" \/>\n<meta name=\"robots\" content=\"index, follow, max-snippet:-1, max-image-preview:large, max-video-preview:-1\" \/>\n<link rel=\"canonical\" href=\"https:\/\/autotraction.ca\/en\/\" \/>\n<meta property=\"og:locale\" content=\"en_US\" \/>\n<meta property=\"og:type\" content=\"article\" \/>\n<meta property=\"og:title\" content=\"Autotraction - Solution de carrosserie\" \/>\n<meta property=\"og:description\" content=\"Auto Traction est distributeur de tous les \u00e9quipements des manufacturiers ci-dessous. Nous vous invitons \u00e0 parcourir notre site web et de communiquer avec nous pour toute question relative \u00e0 nos \u00e9quipements.\" \/>\n<meta property=\"og:url\" content=\"https:\/\/autotraction.ca\/en\/\" \/>\n<meta property=\"og:site_name\" content=\"Autotraction\" \/>\n<meta property=\"article:modified_time\" content=\"2025-02-06T03:02:35+00:00\" \/>\n<meta name=\"twitter:card\" content=\"summary_large_image\" \/>\n<script type=\"application\/ld+json\" class=\"yoast-schema-graph\">{\"@context\":\"https:\/\/schema.org\",\"@graph\":[{\"@type\":\"WebPage\",\"@id\":\"https:\/\/autotraction.ca\/\",\"url\":\"https:\/\/autotraction.ca\/\",\"name\":\"Autotraction - Solution de carrosserie\",\"isPartOf\":{\"@id\":\"https:\/\/autotraction.ca\/#website\"},\"datePublished\":\"2022-01-10T21:39:31+00:00\",\"dateModified\":\"2025-02-06T03:02:35+00:00\",\"description\":\"Auto Traction est distributeur de tous les \u00e9quipements des manufacturiers ci-dessous. Nous vous invitons \u00e0 parcourir notre site web et de communiquer avec nous pour toute question relative \u00e0 nos \u00e9quipements.\",\"breadcrumb\":{\"@id\":\"https:\/\/autotraction.ca\/#breadcrumb\"},\"inLanguage\":\"en-CA\",\"potentialAction\":[{\"@type\":\"ReadAction\",\"target\":[\"https:\/\/autotraction.ca\/\"]}]},{\"@type\":\"BreadcrumbList\",\"@id\":\"https:\/\/autotraction.ca\/#breadcrumb\",\"itemListElement\":[{\"@type\":\"ListItem\",\"position\":1,\"name\":\"Accueil\",\"item\":\"https:\/\/autotraction.ca\/\"},{\"@type\":\"ListItem\",\"position\":2,\"name\":\"Accueil\"}]},{\"@type\":\"WebSite\",\"@id\":\"https:\/\/autotraction.ca\/#website\",\"url\":\"https:\/\/autotraction.ca\/\",\"name\":\"Autotraction\",\"description\":\"Solution de carrosserie\",\"potentialAction\":[{\"@type\":\"SearchAction\",\"target\":{\"@type\":\"EntryPoint\",\"urlTemplate\":\"https:\/\/autotraction.ca\/?s={search_term_string}\"},\"query-input\":{\"@type\":\"PropertyValueSpecification\",\"valueRequired\":true,\"valueName\":\"search_term_string\"}}],\"inLanguage\":\"en-CA\"}]}<\/script>\n<!-- \/ Yoast SEO plugin. -->","yoast_head_json":{"title":"Autotraction - Solution de carrosserie","description":"Auto Traction est distributeur de tous les \u00e9quipements des manufacturiers ci-dessous. Nous vous invitons \u00e0 parcourir notre site web et de communiquer avec nous pour toute question relative \u00e0 nos \u00e9quipements.","robots":{"index":"index","follow":"follow","max-snippet":"max-snippet:-1","max-image-preview":"max-image-preview:large","max-video-preview":"max-video-preview:-1"},"canonical":"https:\/\/autotraction.ca\/en\/","og_locale":"en_US","og_type":"article","og_title":"Autotraction - Solution de carrosserie","og_description":"Auto Traction est distributeur de tous les \u00e9quipements des manufacturiers ci-dessous. Nous vous invitons \u00e0 parcourir notre site web et de communiquer avec nous pour toute question relative \u00e0 nos \u00e9quipements.","og_url":"https:\/\/autotraction.ca\/en\/","og_site_name":"Autotraction","article_modified_time":"2025-02-06T03:02:35+00:00","twitter_card":"summary_large_image","schema":{"@context":"https:\/\/schema.org","@graph":[{"@type":"WebPage","@id":"https:\/\/autotraction.ca\/","url":"https:\/\/autotraction.ca\/","name":"Autotraction - Solution de carrosserie","isPartOf":{"@id":"https:\/\/autotraction.ca\/#website"},"datePublished":"2022-01-10T21:39:31+00:00","dateModified":"2025-02-06T03:02:35+00:00","description":"Auto Traction est distributeur de tous les \u00e9quipements des manufacturiers ci-dessous. Nous vous invitons \u00e0 parcourir notre site web et de communiquer avec nous pour toute question relative \u00e0 nos \u00e9quipements.","breadcrumb":{"@id":"https:\/\/autotraction.ca\/#breadcrumb"},"inLanguage":"en-CA","potentialAction":[{"@type":"ReadAction","target":["https:\/\/autotraction.ca\/"]}]},{"@type":"BreadcrumbList","@id":"https:\/\/autotraction.ca\/#breadcrumb","itemListElement":[{"@type":"ListItem","position":1,"name":"Accueil","item":"https:\/\/autotraction.ca\/"},{"@type":"ListItem","position":2,"name":"Accueil"}]},{"@type":"WebSite","@id":"https:\/\/autotraction.ca\/#website","url":"https:\/\/autotraction.ca\/","name":"Autotraction","description":"Solution de carrosserie","potentialAction":[{"@type":"SearchAction","target":{"@type":"EntryPoint","urlTemplate":"https:\/\/autotraction.ca\/?s={search_term_string}"},"query-input":{"@type":"PropertyValueSpecification","valueRequired":true,"valueName":"search_term_string"}}],"inLanguage":"en-CA"}]}},"_links":{"self":[{"href":"https:\/\/autotraction.ca\/en\/wp-json\/wp\/v2\/pages\/23","targetHints":{"allow":["GET"]}}],"collection":[{"href":"https:\/\/autotraction.ca\/en\/wp-json\/wp\/v2\/pages"}],"about":[{"href":"https:\/\/autotraction.ca\/en\/wp-json\/wp\/v2\/types\/page"}],"author":[{"embeddable":true,"href":"https:\/\/autotraction.ca\/en\/wp-json\/wp\/v2\/users\/4"}],"replies":[{"embeddable":true,"href":"https:\/\/autotraction.ca\/en\/wp-json\/wp\/v2\/comments?post=23"}],"version-history":[{"count":6,"href":"https:\/\/autotraction.ca\/en\/wp-json\/wp\/v2\/pages\/23\/revisions"}],"predecessor-version":[{"id":3933,"href":"https:\/\/autotraction.ca\/en\/wp-json\/wp\/v2\/pages\/23\/revisions\/3933"}],"wp:attachment":[{"href":"https:\/\/autotraction.ca\/en\/wp-json\/wp\/v2\/media?parent=23"}],"curies":[{"name":"wp","href":"https:\/\/api.w.org\/{rel}","templated":true}]}}