{"id":111,"date":"2022-01-11T15:55:17","date_gmt":"2022-01-11T15:55:17","guid":{"rendered":"https:\/\/autotraction.ca\/?page_id=111"},"modified":"2022-04-14T20:11:27","modified_gmt":"2022-04-14T20:11:27","slug":"a-propos","status":"publish","type":"page","link":"https:\/\/autotraction.ca\/en\/a-propos\/","title":{"rendered":"About us"},"content":{"rendered":"<section id=\"section-14-111\" class=\"ct-section owl-spacing--m\" ><div class=\"ct-section-inner-wrap\"><div id=\"div_block-15-111\" class=\"ct-div-block\" ><div id=\"div_block-24-111\" class=\"ct-div-block\" ><h1 id=\"headline-26-111\" class=\"ct-headline\"><span id=\"span-27-111\" class=\"ct-span\" >About us<\/span><\/h1><p id=\"text_block-29-111\" class=\"ct-text-block\" >Auto Traction a \u00e9t\u00e9 fond\u00e9e avec l'objectif d'offrir des solutions au march\u00e9 \u00e9volutif de la carrosserie ainsi qu'un service \u00e0 la hauteur de la qualit\u00e9 des \u00e9quipements que nous proposons. C'est avec beaucoup de fiert\u00e9 que nous distribuons des produits tels que Car-O-Liner, leader mondial dans la mesure \u00e9lectronique et fabricant de bancs de redressage de premi\u00e8re qualit\u00e9. Wedge Clamp, Cie canadienne qui offre le syst\u00e8me d'ancrage au sol le plus rapide et efficace de notre march\u00e9, sans oublier leur syst\u00e8me de mesure \u00e0 pivot reconnu par tous. Nous offrons \u00e9galement toutes les solutions innovatrices qu'offrent les produits Betag, Dent Fix et Polyvance. Auto Traction fait la promesse de proposer \u00e0 ses clients des combinaisons de produits afin d'am\u00e9liorer la productivit\u00e9 des ateliers.<br><\/p><\/div><div id=\"div_block-25-111\" class=\"ct-div-block\" ><img decoding=\"async\"  id=\"image-553-111\" alt=\"\" src=\"https:\/\/autotraction.ca\/wp-content\/uploads\/2022\/03\/Sans-titre.png\" class=\"ct-image\"\/><\/div><\/div><\/div><\/section><section id=\"section-34-111\" class=\"ct-section owl-spacing--xl\" ><div class=\"ct-section-inner-wrap\"><div id=\"div_block-36-111\" class=\"ct-div-block\" ><h2 id=\"headline-38-111\" class=\"ct-headline\">Notre \u00e9quipe<\/h2><p id=\"text_block-39-111\" class=\"ct-text-block\" >Your information is secure and encrypted, consectetur adipisicing elit, sed do eiusmod tempor incididunt ut labore et dolore magna aliquat enim ad minim.<\/p><\/div><div id=\"div_block-35-111\" class=\"ct-div-block\" ><div id=\"_dynamic_list-42-111owl\" class=\"oxy-dynamic-list\"><div id=\"div_block-43-111-1\" class=\"ct-div-block\" data-id=\"div_block-43-111\"><div id=\"div_block-46-111-1\" class=\"ct-div-block card-membre owl-spacing--m\" data-id=\"div_block-46-111\"><img decoding=\"async\" id=\"image-47-111-1\" alt=\"\" src=\"\" class=\"ct-image\" data-id=\"image-47-111\"><h5 id=\"headline-57-111-1\" class=\"ct-headline\" data-id=\"headline-57-111\"><span id=\"span-96-111\" class=\"ct-span\" >Philipp Gagnier<\/span><\/h5><div id=\"text_block-50-111-1\" class=\"ct-text-block\" data-id=\"text_block-50-111\"><span id=\"span-102-111\" class=\"ct-span\" >Service, formation et vente\t\t<\/span><\/div><div id=\"text_block-77-111-1\" class=\"ct-text-block\" data-id=\"text_block-77-111\"><span id=\"span-307-111\" class=\"ct-span\" ><\/span><\/div><\/div><\/div><div id=\"div_block-43-111-2\" class=\"ct-div-block\" data-id=\"div_block-43-111\"><div id=\"div_block-46-111-2\" class=\"ct-div-block card-membre owl-spacing--m\" data-id=\"div_block-46-111\"><img decoding=\"async\" id=\"image-47-111-2\" alt=\"\" src=\"\" class=\"ct-image\" data-id=\"image-47-111\"><h5 id=\"headline-57-111-2\" class=\"ct-headline\" data-id=\"headline-57-111\"><span id=\"span-96-111\" class=\"ct-span\" >\u00c9ric Lefevbre<\/span><\/h5><div id=\"text_block-50-111-2\" class=\"ct-text-block\" data-id=\"text_block-50-111\"><span id=\"span-102-111\" class=\"ct-span\" >Directeur G\u00e9n\u00e9ral<\/span><\/div><div id=\"text_block-77-111-2\" class=\"ct-text-block\" data-id=\"text_block-77-111\"><span id=\"span-307-111\" class=\"ct-span\" ><\/span><\/div><\/div><\/div><div id=\"div_block-43-111-3\" class=\"ct-div-block\" data-id=\"div_block-43-111\"><div id=\"div_block-46-111-3\" class=\"ct-div-block card-membre owl-spacing--m\" data-id=\"div_block-46-111\"><img decoding=\"async\" id=\"image-47-111-3\" alt=\"\" src=\"\" class=\"ct-image\" data-id=\"image-47-111\"><h5 id=\"headline-57-111-3\" class=\"ct-headline\" data-id=\"headline-57-111\"><span id=\"span-96-111\" class=\"ct-span\" >Marc Robert<\/span><\/h5><div id=\"text_block-50-111-3\" class=\"ct-text-block\" data-id=\"text_block-50-111\"><span id=\"span-102-111\" class=\"ct-span\" >Pr\u00e9sident<\/span><\/div><div id=\"text_block-77-111-3\" class=\"ct-text-block\" data-id=\"text_block-77-111\"><span id=\"span-307-111\" class=\"ct-span\" ><\/span><\/div><\/div><\/div>                    \n                                            \n                                        \n                    <\/div>\n<\/div><\/div><\/section><section id=\"section-398-111\" class=\"ct-section owl-spacing--xl\" ><div class=\"ct-section-inner-wrap\"><div id=\"div_block-455-111\" class=\"ct-div-block\" ><h3 id=\"headline-399-111\" class=\"ct-headline\">Valeurs<\/h3><p id=\"text_block-400-111\" class=\"ct-text-block\" >Auto Traction fait la promesse de proposer \u00e0 ses clients des combinaisons de produits afin d'am\u00e9liorer la productivit\u00e9 des ateliers<\/p><\/div><div id=\"div_block-401-111\" class=\"ct-div-block\" ><div id=\"div_block-404-111\" class=\"ct-div-block valeurs--div\" ><div id=\"div_block-447-111\" class=\"ct-div-block icon-div\" ><div id=\"fancy_icon-407-111\" class=\"ct-fancy-icon icon-valeur\" ><svg id=\"svg-fancy_icon-407-111\"><use xlink:href=\"#FontAwesomeicon-phone\"><\/use><\/svg><\/div><\/div><p id=\"text_block-408-111\" class=\"ct-text-block valeurs-text\" >Customer service<\/p><\/div><div id=\"div_block-403-111\" class=\"ct-div-block valeurs--div\" ><div id=\"div_block-450-111\" class=\"ct-div-block icon-div\" ><div id=\"fancy_icon-414-111\" class=\"ct-fancy-icon icon-valeur\" ><svg id=\"svg-fancy_icon-414-111\"><use xlink:href=\"#FontAwesomeicon-wrench\"><\/use><\/svg><\/div><\/div><p id=\"text_block-415-111\" class=\"ct-text-block valeurs-text\" >Expert<\/p><\/div><div id=\"div_block-402-111\" class=\"ct-div-block valeurs--div\" ><div id=\"div_block-452-111\" class=\"ct-div-block icon-div\" ><div id=\"fancy_icon-417-111\" class=\"ct-fancy-icon icon-valeur\" ><svg id=\"svg-fancy_icon-417-111\"><use xlink:href=\"#FontAwesomeicon-bolt\"><\/use><\/svg><\/div><\/div><p id=\"text_block-418-111\" class=\"ct-text-block valeurs-text\" >Rapidity<\/p><\/div><\/div><\/div><\/section><section id=\"section-492-111\" class=\"ct-section\" ><div class=\"ct-section-inner-wrap\"><img decoding=\"async\"  id=\"image-496-111\" alt=\"\" src=\"https:\/\/autotraction.ca\/wp-content\/uploads\/2022\/01\/Background.png\" class=\"ct-image\"\/><\/div><\/section>","protected":false},"excerpt":{"rendered":"","protected":false},"author":3,"featured_media":0,"parent":0,"menu_order":0,"comment_status":"closed","ping_status":"closed","template":"","meta":{"_acf_changed":false,"footnotes":""},"class_list":["post-111","page","type-page","status-publish","hentry"],"acf":[],"yoast_head":"<!-- This site is optimized with the Yoast SEO plugin v24.7 - https:\/\/yoast.com\/wordpress\/plugins\/seo\/ -->\n<title>\u00c0 propos - Autotraction<\/title>\n<meta name=\"robots\" content=\"index, follow, max-snippet:-1, max-image-preview:large, max-video-preview:-1\" \/>\n<link rel=\"canonical\" href=\"https:\/\/autotraction.ca\/en\/a-propos\/\" \/>\n<meta property=\"og:locale\" content=\"en_US\" \/>\n<meta property=\"og:type\" content=\"article\" \/>\n<meta property=\"og:title\" content=\"\u00c0 propos - Autotraction\" \/>\n<meta property=\"og:url\" content=\"https:\/\/autotraction.ca\/en\/a-propos\/\" \/>\n<meta property=\"og:site_name\" content=\"Autotraction\" \/>\n<meta property=\"article:modified_time\" content=\"2022-04-14T20:11:27+00:00\" \/>\n<meta name=\"twitter:card\" content=\"summary_large_image\" \/>\n<script type=\"application\/ld+json\" class=\"yoast-schema-graph\">{\"@context\":\"https:\/\/schema.org\",\"@graph\":[{\"@type\":\"WebPage\",\"@id\":\"https:\/\/autotraction.ca\/a-propos\/\",\"url\":\"https:\/\/autotraction.ca\/a-propos\/\",\"name\":\"\u00c0 propos - Autotraction\",\"isPartOf\":{\"@id\":\"https:\/\/autotraction.ca\/#website\"},\"datePublished\":\"2022-01-11T15:55:17+00:00\",\"dateModified\":\"2022-04-14T20:11:27+00:00\",\"breadcrumb\":{\"@id\":\"https:\/\/autotraction.ca\/a-propos\/#breadcrumb\"},\"inLanguage\":\"en-CA\",\"potentialAction\":[{\"@type\":\"ReadAction\",\"target\":[\"https:\/\/autotraction.ca\/a-propos\/\"]}]},{\"@type\":\"BreadcrumbList\",\"@id\":\"https:\/\/autotraction.ca\/a-propos\/#breadcrumb\",\"itemListElement\":[{\"@type\":\"ListItem\",\"position\":1,\"name\":\"Accueil\",\"item\":\"https:\/\/autotraction.ca\/\"},{\"@type\":\"ListItem\",\"position\":2,\"name\":\"\u00c0 propos\"}]},{\"@type\":\"WebSite\",\"@id\":\"https:\/\/autotraction.ca\/#website\",\"url\":\"https:\/\/autotraction.ca\/\",\"name\":\"Autotraction\",\"description\":\"Solution de carrosserie\",\"potentialAction\":[{\"@type\":\"SearchAction\",\"target\":{\"@type\":\"EntryPoint\",\"urlTemplate\":\"https:\/\/autotraction.ca\/?s={search_term_string}\"},\"query-input\":{\"@type\":\"PropertyValueSpecification\",\"valueRequired\":true,\"valueName\":\"search_term_string\"}}],\"inLanguage\":\"en-CA\"}]}<\/script>\n<!-- \/ Yoast SEO plugin. -->","yoast_head_json":{"title":"\u00c0 propos - Autotraction","robots":{"index":"index","follow":"follow","max-snippet":"max-snippet:-1","max-image-preview":"max-image-preview:large","max-video-preview":"max-video-preview:-1"},"canonical":"https:\/\/autotraction.ca\/en\/a-propos\/","og_locale":"en_US","og_type":"article","og_title":"\u00c0 propos - Autotraction","og_url":"https:\/\/autotraction.ca\/en\/a-propos\/","og_site_name":"Autotraction","article_modified_time":"2022-04-14T20:11:27+00:00","twitter_card":"summary_large_image","schema":{"@context":"https:\/\/schema.org","@graph":[{"@type":"WebPage","@id":"https:\/\/autotraction.ca\/a-propos\/","url":"https:\/\/autotraction.ca\/a-propos\/","name":"\u00c0 propos - Autotraction","isPartOf":{"@id":"https:\/\/autotraction.ca\/#website"},"datePublished":"2022-01-11T15:55:17+00:00","dateModified":"2022-04-14T20:11:27+00:00","breadcrumb":{"@id":"https:\/\/autotraction.ca\/a-propos\/#breadcrumb"},"inLanguage":"en-CA","potentialAction":[{"@type":"ReadAction","target":["https:\/\/autotraction.ca\/a-propos\/"]}]},{"@type":"BreadcrumbList","@id":"https:\/\/autotraction.ca\/a-propos\/#breadcrumb","itemListElement":[{"@type":"ListItem","position":1,"name":"Accueil","item":"https:\/\/autotraction.ca\/"},{"@type":"ListItem","position":2,"name":"\u00c0 propos"}]},{"@type":"WebSite","@id":"https:\/\/autotraction.ca\/#website","url":"https:\/\/autotraction.ca\/","name":"Autotraction","description":"Solution de carrosserie","potentialAction":[{"@type":"SearchAction","target":{"@type":"EntryPoint","urlTemplate":"https:\/\/autotraction.ca\/?s={search_term_string}"},"query-input":{"@type":"PropertyValueSpecification","valueRequired":true,"valueName":"search_term_string"}}],"inLanguage":"en-CA"}]}},"_links":{"self":[{"href":"https:\/\/autotraction.ca\/en\/wp-json\/wp\/v2\/pages\/111","targetHints":{"allow":["GET"]}}],"collection":[{"href":"https:\/\/autotraction.ca\/en\/wp-json\/wp\/v2\/pages"}],"about":[{"href":"https:\/\/autotraction.ca\/en\/wp-json\/wp\/v2\/types\/page"}],"author":[{"embeddable":true,"href":"https:\/\/autotraction.ca\/en\/wp-json\/wp\/v2\/users\/3"}],"replies":[{"embeddable":true,"href":"https:\/\/autotraction.ca\/en\/wp-json\/wp\/v2\/comments?post=111"}],"version-history":[{"count":10,"href":"https:\/\/autotraction.ca\/en\/wp-json\/wp\/v2\/pages\/111\/revisions"}],"predecessor-version":[{"id":1052,"href":"https:\/\/autotraction.ca\/en\/wp-json\/wp\/v2\/pages\/111\/revisions\/1052"}],"wp:attachment":[{"href":"https:\/\/autotraction.ca\/en\/wp-json\/wp\/v2\/media?parent=111"}],"curies":[{"name":"wp","href":"https:\/\/api.w.org\/{rel}","templated":true}]}}